{"id":3635,"date":"2022-03-04T04:40:00","date_gmt":"2022-03-04T04:40:00","guid":{"rendered":"https:\/\/fotografoencuernavaca.com\/estudio\/?page_id=3635"},"modified":"2025-01-06T20:30:30","modified_gmt":"2025-01-07T02:30:30","slug":"servicios-2","status":"publish","type":"page","link":"https:\/\/fotografoencuernavaca.com\/estudio\/servicios-2\/","title":{"rendered":"Servicios"},"content":{"rendered":"<p>[et_pb_section fb_built=\u00bb1&#8243; prev_background_color=\u00bb#000000&#8243; _builder_version=\u00bb4.16&#8243; _module_preset=\u00bbdefault\u00bb custom_margin=\u00bb0px||||false|false\u00bb custom_padding=\u00bb51px||21px||false|false\u00bb top_divider_style=\u00bbarrow3&#8243; bottom_divider_color=\u00bb#000000&#8243; bottom_divider_height=\u00bb59px\u00bb global_colors_info=\u00bb{}\u00bb][et_pb_row make_equal=\u00bbon\u00bb _builder_version=\u00bb4.16&#8243; _module_preset=\u00bbdefault\u00bb custom_margin=\u00bb4px|auto||auto|false|false\u00bb custom_padding=\u00bb7px||1px|||\u00bb global_colors_info=\u00bb{}\u00bb][et_pb_column type=\u00bb4_4&#8243; _builder_version=\u00bb4.16&#8243; _module_preset=\u00bbdefault\u00bb background_enable_color=\u00bboff\u00bb global_colors_info=\u00bb{}\u00bb][et_pb_text _builder_version=\u00bb4.16&#8243; _module_preset=\u00bbdefault\u00bb header_2_font=\u00bbArial||||||||\u00bb header_2_text_color=\u00bb#000000&#8243; min_height=\u00bb33px\u00bb custom_margin=\u00bb-32px|||||\u00bb global_colors_info=\u00bb{}\u00bb]<\/p>\n<h2 style=\"text-align: center;\">Procedimientos y Servicios<\/h2>\n<p>[\/et_pb_text][\/et_pb_column][\/et_pb_row][\/et_pb_section][et_pb_section fb_built=\u00bb1&#8243; prev_background_color=\u00bb#000000&#8243; _builder_version=\u00bb4.16&#8243; _module_preset=\u00bbdefault\u00bb custom_margin=\u00bb0px||||false|false\u00bb custom_padding=\u00bb51px||37px||false|false\u00bb top_divider_style=\u00bbarrow3&#8243; bottom_divider_style=\u00bbarrow\u00bb bottom_divider_color=\u00bb#000000&#8243; bottom_divider_height=\u00bb59px\u00bb global_colors_info=\u00bb{}\u00bb][et_pb_row column_structure=\u00bb1_3,1_3,1_3&#8243; make_equal=\u00bbon\u00bb _builder_version=\u00bb4.16&#8243; _module_preset=\u00bbdefault\u00bb custom_margin=\u00bb15px|auto|16px|auto|false|false\u00bb global_colors_info=\u00bb{}\u00bb][et_pb_column type=\u00bb1_3&#8243; _builder_version=\u00bb4.16&#8243; _module_preset=\u00bbdefault\u00bb background_color=\u00bbrgba(0,0,0,0.2)\u00bb global_colors_info=\u00bb{}\u00bb][et_pb_image src=\u00bbhttps:\/\/fotografoencuernavaca.com\/estudio\/wp-content\/uploads\/2022\/03\/imagen-comunicacion.jpg\u00bb title_text=\u00bbimagen-comunicacion\u00bb _builder_version=\u00bb4.16&#8243; _module_preset=\u00bbdefault\u00bb custom_padding=\u00bb14px|10px||11px||\u00bb animation_style=\u00bbslide\u00bb animation_direction=\u00bbleft\u00bb animation_delay=\u00bb200ms\u00bb border_radii=\u00bbon|10px|10px|10px|10px\u00bb box_shadow_style=\u00bbpreset2&#8243; box_shadow_horizontal=\u00bb-6px\u00bb box_shadow_blur=\u00bb10px\u00bb box_shadow_color=\u00bb#666666&#8243; global_colors_info=\u00bb{}\u00bb][\/et_pb_image][et_pb_text _builder_version=\u00bb4.16&#8243; _module_preset=\u00bbdefault\u00bb text_font=\u00bbVerdana||||||||\u00bb text_text_color=\u00bb#000000&#8243; custom_padding=\u00bb7px|13px||13px||\u00bb animation_style=\u00bbslide\u00bb animation_direction=\u00bbleft\u00bb animation_delay=\u00bb200ms\u00bb global_colors_info=\u00bb{}\u00bb]<\/p>\n<p style=\"text-align: justify;\">El procedimiento de trabajo tiene como base buscar la entera satisfacci\u00f3n del cliente en cada una de las sesiones, sean personales, inmobiliarias, corporativas o de producto.<\/p>\n<p style=\"text-align: justify;\">En cualquiera de los casos se mantiene una comunicaci\u00f3n constante, misma que permite conocer a fondo el proyecto y de este modo presentar ideas y soluciones que transmitan en una imagen lo que el cliente desea.<\/p>\n<p>[\/et_pb_text][\/et_pb_column][et_pb_column type=\u00bb1_3&#8243; _builder_version=\u00bb4.16&#8243; _module_preset=\u00bbdefault\u00bb background_color=\u00bbrgba(0,0,0,0.1)\u00bb global_colors_info=\u00bb{}\u00bb][et_pb_image src=\u00bbhttps:\/\/fotografoencuernavaca.com\/estudio\/wp-content\/uploads\/2022\/03\/imagen-orden-de-posado.jpg\u00bb title_text=\u00bbimagen-orden-de-posado\u00bb _builder_version=\u00bb4.16&#8243; _module_preset=\u00bbdefault\u00bb custom_padding=\u00bb|14px|14px|14px||\u00bb animation_style=\u00bbslide\u00bb animation_direction=\u00bbtop\u00bb animation_delay=\u00bb400ms\u00bb border_radii=\u00bbon|10px|10px|10px|10px\u00bb box_shadow_style=\u00bbpreset2&#8243; box_shadow_horizontal=\u00bb-6px\u00bb box_shadow_blur=\u00bb10px\u00bb box_shadow_color=\u00bb#666666&#8243; global_colors_info=\u00bb{}\u00bb][\/et_pb_image][et_pb_text _builder_version=\u00bb4.16&#8243; _module_preset=\u00bbdefault\u00bb text_font=\u00bbVerdana||||||||\u00bb text_text_color=\u00bb#000000&#8243; custom_margin=\u00bb-1px|||||\u00bb custom_padding=\u00bb12px|13px|11px|13px||\u00bb animation_style=\u00bbslide\u00bb animation_direction=\u00bbbottom\u00bb global_colors_info=\u00bb{}\u00bb]<\/p>\n<p style=\"text-align: justify;\">Las sesiones son por tiempo, por esta raz\u00f3n, cada una es preparada cuidadosamente con un orden establecido, siempre buscando aprovechar al m\u00e1ximo y de la mejor manera posible el tiempo contratado.<\/p>\n<p style=\"text-align: justify;\">En sesiones inmobiliarias, primero se hace una visita de reconocimiento, lo que permite sugerir los mejores \u00e1ngulos y horarios para cada tipo de inmueble de acuerdo a su arquitectura y ubicaci\u00f3n geogr\u00e1fica, a fin de que el servicio contratado sea de entera satisfacci\u00f3n.<\/p>\n<p>[\/et_pb_text][\/et_pb_column][et_pb_column type=\u00bb1_3&#8243; _builder_version=\u00bb4.16&#8243; _module_preset=\u00bbdefault\u00bb background_color=\u00bbrgba(0,0,0,0.2)\u00bb global_colors_info=\u00bb{}\u00bb][et_pb_image src=\u00bbhttps:\/\/fotografoencuernavaca.com\/estudio\/wp-content\/uploads\/2022\/03\/envio-de-imagenes.jpg\u00bb title_text=\u00bbenv\u00edo-de-imagenes\u00bb _builder_version=\u00bb4.16&#8243; _module_preset=\u00bbdefault\u00bb custom_padding=\u00bb14px|11px||11px||\u00bb animation_style=\u00bbslide\u00bb animation_direction=\u00bbright\u00bb animation_delay=\u00bb600ms\u00bb border_radii=\u00bbon|10px|10px|10px|10px\u00bb box_shadow_style=\u00bbpreset2&#8243; box_shadow_horizontal=\u00bb-6px\u00bb box_shadow_blur=\u00bb10px\u00bb box_shadow_color=\u00bb#666666&#8243; global_colors_info=\u00bb{}\u00bb][\/et_pb_image][et_pb_text _builder_version=\u00bb4.16&#8243; _module_preset=\u00bbdefault\u00bb text_font=\u00bbVerdana||||||||\u00bb text_text_color=\u00bb#000000&#8243; custom_padding=\u00bb15px|12px||13px||\u00bb animation_style=\u00bbslide\u00bb animation_direction=\u00bbright\u00bb animation_delay=\u00bb200ms\u00bb global_colors_info=\u00bb{}\u00bb]<\/p>\n<p style=\"text-align: justify;\">Cuando se ofrece un paquete de fotograf\u00edas, no significa que solo se haga ese n\u00famero de tomas, por el contrario, se realiza la cantidad suficiente para que puedan seleccionar, de un amplio cat\u00e1logo, las que m\u00e1s le agraden, siempre, dentro del paquete contratado.<\/p>\n<p>[\/et_pb_text][\/et_pb_column][\/et_pb_row][\/et_pb_section][et_pb_section fb_built=\u00bb1&#8243; _builder_version=\u00bb4.16&#8243; _module_preset=\u00bbdefault\u00bb background_color=\u00bbrgba(224,173,65,0.54)\u00bb custom_margin=\u00bb-1px|||||\u00bb custom_padding=\u00bb11px|||||\u00bb top_divider_style=\u00bbarrow\u00bb top_divider_color=\u00bb#aaaaaa\u00bb top_divider_height=\u00bb52px\u00bb bottom_divider_style=\u00bbarrow3&#8243; bottom_divider_color=\u00bb#000000&#8243; global_colors_info=\u00bb{}\u00bb][et_pb_row column_structure=\u00bb1_4,1_4,1_4,1_4&#8243; make_equal=\u00bbon\u00bb _builder_version=\u00bb4.16&#8243; _module_preset=\u00bbdefault\u00bb custom_margin=\u00bb17px|auto||auto||\u00bb global_colors_info=\u00bb{}\u00bb][et_pb_column type=\u00bb1_4&#8243; _builder_version=\u00bb4.16&#8243; _module_preset=\u00bbdefault\u00bb global_colors_info=\u00bb{}\u00bb][et_pb_text _builder_version=\u00bb4.16&#8243; _module_preset=\u00bbdefault\u00bb text_font=\u00bbVerdana||||||||\u00bb text_font_size=\u00bb15px\u00bb header_2_font=\u00bbArial|600|||||||\u00bb header_2_font_size=\u00bb20px\u00bb custom_margin=\u00bb||8px|||\u00bb global_colors_info=\u00bb{}\u00bb]<\/p>\n<h2><span>Sesiones Inmobiliarias<\/span><span><\/span><\/h2>\n<p>[\/et_pb_text][et_pb_image src=\u00bbhttps:\/\/fotografoencuernavaca.com\/estudio\/wp-content\/uploads\/2024\/02\/r-IMG_8091.jpg\u00bb alt=\u00bbfotografos-cuernavaca-estudio-fotografico-sesiones-inmuebles-paraiso-country-club, p3&#8243; _builder_version=\u00bb4.27.2&#8243; _module_preset=\u00bbdefault\u00bb hover_enabled=\u00bb0&#8243; global_colors_info=\u00bb{}\u00bb sticky_enabled=\u00bb0&#8243;][\/et_pb_image][et_pb_text _builder_version=\u00bb4.16&#8243; _module_preset=\u00bbdefault\u00bb text_font=\u00bbVerdana||||||||\u00bb text_font_size=\u00bb15px\u00bb header_2_font=\u00bbArial|600|||||||\u00bb header_2_font_size=\u00bb20px\u00bb global_colors_info=\u00bb{}\u00bb]<\/p>\n<p style=\"text-align: left;\"><span>Videos y fotograf\u00edas profesionales, desde \u00e1ngulos visuales que enmarquen todos los aspectos de su propiedad, siempre con buen gusto y la mayor calidad.<\/span><\/p>\n<p style=\"text-align: left;\"><span>Paquetes para casas, hoteles, restaurantes o negocios que necesitan mostrar sus instalaciones en redes sociales.<br \/><\/span><\/p>\n<p style=\"text-align: left;\"><span>Fotograf\u00eda 360 para fb o recorridos virtuales, terrestre y a\u00e9rea.<\/span><\/p>\n<p>[\/et_pb_text][\/et_pb_column][et_pb_column type=\u00bb1_4&#8243; _builder_version=\u00bb4.16&#8243; _module_preset=\u00bbdefault\u00bb global_colors_info=\u00bb{}\u00bb][et_pb_text _builder_version=\u00bb4.16&#8243; _module_preset=\u00bbdefault\u00bb text_font=\u00bbVerdana||||||||\u00bb text_font_size=\u00bb15px\u00bb header_2_font=\u00bbArial|600|||||||\u00bb header_2_font_size=\u00bb20px\u00bb custom_margin=\u00bb||8px|||\u00bb custom_padding=\u00bb||2px|||\u00bb global_colors_info=\u00bb{}\u00bb]<\/p>\n<h2><span>Sesiones Corporativas<\/span><\/h2>\n<p>[\/et_pb_text][et_pb_image src=\u00bbhttps:\/\/fotografoencuernavaca.com\/estudio\/wp-content\/uploads\/2024\/10\/r-IMG_0626.jpg\u00bb alt=\u00bbimagen-fotografo-cuernavaca-fotografos-morelos-estudio-fotografico-sesiones-corporativas arthrex\u00bb title_text=\u00bbr-IMG_0626&#8243; _builder_version=\u00bb4.27.2&#8243; _module_preset=\u00bbdefault\u00bb hover_enabled=\u00bb0&#8243; global_colors_info=\u00bb{}\u00bb sticky_enabled=\u00bb0&#8243;][\/et_pb_image][et_pb_text _builder_version=\u00bb4.16&#8243; _module_preset=\u00bbdefault\u00bb text_font=\u00bbVerdana||||||||\u00bb text_font_size=\u00bb15px\u00bb header_2_font=\u00bbArial|600|||||||\u00bb header_2_font_size=\u00bb20px\u00bb custom_margin=\u00bb||52px|||\u00bb custom_padding=\u00bb||21px|||\u00bb global_colors_info=\u00bb{}\u00bb]<\/p>\n<p>Cubrimos de forma profesional la toma de tu foto corporativa, contamos con experiencia en manejo de grupos de hasta 180 personas.<\/p>\n<p>Tambi\u00e9n te ofrecemos foto de Perfil profesional, realizamos fotos en locaci\u00f3n o en estudio sobre fondo neutro, ideales para web o negocio.<\/p>\n<p>Disponemos de un plan completo que incluye fotos de perfil, de tus espacios y life style business.<\/p>\n<p>[\/et_pb_text][\/et_pb_column][et_pb_column type=\u00bb1_4&#8243; _builder_version=\u00bb4.16&#8243; _module_preset=\u00bbdefault\u00bb global_colors_info=\u00bb{}\u00bb][et_pb_text _builder_version=\u00bb4.16&#8243; _module_preset=\u00bbdefault\u00bb text_font=\u00bbVerdana||||||||\u00bb text_font_size=\u00bb15px\u00bb header_2_font=\u00bbArial|600|||||||\u00bb header_2_font_size=\u00bb20px\u00bb custom_margin=\u00bb||8px|||\u00bb custom_padding=\u00bb||0px|||\u00bb global_colors_info=\u00bb{}\u00bb]<\/p>\n<h2><span>Sesiones de Producto<\/span><span style=\"font-size: 16px;\"><\/span><\/h2>\n<p>[\/et_pb_text][et_pb_image src=\u00bbhttps:\/\/fotografoencuernavaca.com\/estudio\/wp-content\/uploads\/2023\/11\/r-IMG_2983-e1703387291649.jpg\u00bb alt=\u00bbfotografos-cuernavaca-estudio-sesiones-producto jardin zen12&#8243; title_text=\u00bbAristos-2440&#8243; _builder_version=\u00bb4.27.2&#8243; _module_preset=\u00bbdefault\u00bb hover_enabled=\u00bb0&#8243; global_colors_info=\u00bb{}\u00bb sticky_enabled=\u00bb0&#8243;][\/et_pb_image][et_pb_text _builder_version=\u00bb4.16&#8243; _module_preset=\u00bbdefault\u00bb text_font=\u00bbVerdana||||||||\u00bb text_font_size=\u00bb15px\u00bb header_2_font=\u00bbArial|600|||||||\u00bb header_2_font_size=\u00bb20px\u00bb custom_padding=\u00bb||43px|||\u00bb global_colors_info=\u00bb{}\u00bb]<\/p>\n<p><span>Fotos de alta calidad y de carga r\u00e1pida, por paquete, para E-commerce con fondo blanco que cumplen con las caracter\u00edsticas solicitadas por Amaz\u00f3n, Mercado Libre o para su sitio web.<\/span><\/p>\n<p><span>Fotograf\u00eda por sesi\u00f3n, ideal para cat\u00e1logos, posters, muestrarios o publicidad impresa.<\/span><\/p>\n<p><span style=\"font-size: 16px;\">Servicio de, renders para presentaciones, animaciones y v\u00eddeo de producto.<\/span><\/p>\n<p>[\/et_pb_text][\/et_pb_column][et_pb_column type=\u00bb1_4&#8243; _builder_version=\u00bb4.16&#8243; _module_preset=\u00bbdefault\u00bb global_colors_info=\u00bb{}\u00bb][et_pb_text _builder_version=\u00bb4.16&#8243; _module_preset=\u00bbdefault\u00bb text_font=\u00bbVerdana||||||||\u00bb text_font_size=\u00bb15px\u00bb header_2_font=\u00bbArial|600|||||||\u00bb header_2_font_size=\u00bb20px\u00bb custom_margin=\u00bb||9px|||\u00bb custom_padding=\u00bb||0px|||\u00bb global_colors_info=\u00bb{}\u00bb]<\/p>\n<h2><span>Sesiones de Fotos<\/span><span><\/span><\/h2>\n<p>[\/et_pb_text][et_pb_image src=\u00bbhttps:\/\/fotografoencuernavaca.com\/estudio\/wp-content\/uploads\/2024\/12\/r-IMG_0860.jpg\u00bb alt=\u00bbfotografos-cuernavaca-sesiones-producto-ecommerce-violin-2&#8243; title_text=\u00bbfotografoencuernavaca.com\u00bb _builder_version=\u00bb4.27.2&#8243; _module_preset=\u00bbdefault\u00bb hover_enabled=\u00bb0&#8243; global_colors_info=\u00bb{}\u00bb sticky_enabled=\u00bb0&#8243;][\/et_pb_image][et_pb_text _builder_version=\u00bb4.16&#8243; _module_preset=\u00bbdefault\u00bb text_font=\u00bbVerdana||||||||\u00bb text_font_size=\u00bb15px\u00bb header_2_font=\u00bbArial|600|||||||\u00bb header_2_font_size=\u00bb20px\u00bb custom_padding=\u00bb||0px|||\u00bb global_colors_info=\u00bb{}\u00bb]<\/p>\n<p><span>Individuales, de pareja, familiares, embarazo, modelos o de perfil profesional para redes sociales.<\/span><\/p>\n<p><span>Todas incluyen cambios de ropa ilimitados, dentro del tiempo programado para la sesi\u00f3n, lo que permite hacerla m\u00e1s variada, completa y divertida ya que puedes mostrar todas las facetas de tu personalidad, casual, urbana, formal o de estilo de vida.<\/span><\/p>\n<p><span>Sesiones en estudio a domicilio o en locaci\u00f3n.<\/span><\/p>\n<p>[\/et_pb_text][\/et_pb_column][\/et_pb_row][et_pb_row column_structure=\u00bb1_3,1_3,1_3&#8243; _builder_version=\u00bb4.16&#8243; _module_preset=\u00bbdefault\u00bb global_colors_info=\u00bb{}\u00bb][et_pb_column type=\u00bb1_3&#8243; _builder_version=\u00bb4.16&#8243; _module_preset=\u00bbdefault\u00bb animation_style=\u00bbroll\u00bb global_colors_info=\u00bb{}\u00bb][et_pb_button button_url=\u00bb\/estudio\/portafolio\/\u00bb button_text=\u00bbPortafolio\u00bb button_alignment=\u00bbcenter\u00bb _builder_version=\u00bb4.16&#8243; _module_preset=\u00bbdefault\u00bb animation_style=\u00bbroll\u00bb animation_direction=\u00bbtop\u00bb global_colors_info=\u00bb{}\u00bb][\/et_pb_button][\/et_pb_column][et_pb_column type=\u00bb1_3&#8243; _builder_version=\u00bb4.16&#8243; _module_preset=\u00bbdefault\u00bb global_colors_info=\u00bb{}\u00bb][et_pb_button button_url=\u00bb\/estudio\/precios\/\u00bb button_text=\u00bbPrecios\u00bb button_alignment=\u00bbcenter\u00bb _builder_version=\u00bb4.16&#8243; _module_preset=\u00bbdefault\u00bb animation_style=\u00bbroll\u00bb animation_direction=\u00bbtop\u00bb global_colors_info=\u00bb{}\u00bb][\/et_pb_button][\/et_pb_column][et_pb_column type=\u00bb1_3&#8243; _builder_version=\u00bb4.16&#8243; _module_preset=\u00bbdefault\u00bb global_colors_info=\u00bb{}\u00bb][et_pb_button button_url=\u00bb\/estudio\/cursos\/\u00bb button_text=\u00bbCursos\u00bb button_alignment=\u00bbcenter\u00bb _builder_version=\u00bb4.16&#8243; _module_preset=\u00bbdefault\u00bb animation_style=\u00bbroll\u00bb animation_direction=\u00bbtop\u00bb global_colors_info=\u00bb{}\u00bb][\/et_pb_button][\/et_pb_column][\/et_pb_row][et_pb_row admin_label=\u00bbicono\u00bb _builder_version=\u00bb4.16&#8243; _module_preset=\u00bbdefault\u00bb global_colors_info=\u00bb{}\u00bb][et_pb_column type=\u00bb4_4&#8243; _builder_version=\u00bb4.16&#8243; _module_preset=\u00bbdefault\u00bb global_colors_info=\u00bb{}\u00bb][et_pb_icon font_icon=\u00bb&#xf232;||fa||400&#8243; icon_color=\u00bb#7CDA24&#8243; icon_width=\u00bb60px\u00bb url=\u00bbhttps:\/\/api.whatsapp.com\/send?phone=527771264912&#038;text=Hola,%20entr\u00e9%20a%20tu%20sitio%20de%20fot\u00f3grafo%20y%20quiero%20informes%20sobre%20&#8230;\u00bb admin_label=\u00bbwhats\u00bb _builder_version=\u00bb4.24.2&#8243; _module_preset=\u00bbdefault\u00bb positioning=\u00bbfixed\u00bb position_origin_a=\u00bbcenter_right\u00bb position_origin_f=\u00bbcenter_right\u00bb horizontal_offset=\u00bb25px\u00bb z_index=\u00bb12&#8243; animation_style=\u00bbroll\u00bb global_colors_info=\u00bb{}\u00bb][\/et_pb_icon][\/et_pb_column][\/et_pb_row][\/et_pb_section]<\/p>\n","protected":false},"excerpt":{"rendered":"<p>Procedimientos y ServiciosEl procedimiento de trabajo tiene como base buscar la entera satisfacci\u00f3n del cliente en cada una de las sesiones, sean personales, inmobiliarias, corporativas o de producto. En cualquiera de los casos se mantiene una comunicaci\u00f3n constante, misma que permite conocer a fondo el proyecto y de este modo presentar ideas y soluciones que [&hellip;]<\/p>\n","protected":false},"author":1,"featured_media":0,"parent":0,"menu_order":0,"comment_status":"closed","ping_status":"closed","template":"","meta":{"_et_pb_use_builder":"on","_et_pb_old_content":"","_et_gb_content_width":"","footnotes":""},"class_list":["post-3635","page","type-page","status-publish","hentry"],"aioseo_notices":[],"_links":{"self":[{"href":"https:\/\/fotografoencuernavaca.com\/estudio\/wp-json\/wp\/v2\/pages\/3635","targetHints":{"allow":["GET"]}}],"collection":[{"href":"https:\/\/fotografoencuernavaca.com\/estudio\/wp-json\/wp\/v2\/pages"}],"about":[{"href":"https:\/\/fotografoencuernavaca.com\/estudio\/wp-json\/wp\/v2\/types\/page"}],"author":[{"embeddable":true,"href":"https:\/\/fotografoencuernavaca.com\/estudio\/wp-json\/wp\/v2\/users\/1"}],"replies":[{"embeddable":true,"href":"https:\/\/fotografoencuernavaca.com\/estudio\/wp-json\/wp\/v2\/comments?post=3635"}],"version-history":[{"count":43,"href":"https:\/\/fotografoencuernavaca.com\/estudio\/wp-json\/wp\/v2\/pages\/3635\/revisions"}],"predecessor-version":[{"id":4827,"href":"https:\/\/fotografoencuernavaca.com\/estudio\/wp-json\/wp\/v2\/pages\/3635\/revisions\/4827"}],"wp:attachment":[{"href":"https:\/\/fotografoencuernavaca.com\/estudio\/wp-json\/wp\/v2\/media?parent=3635"}],"curies":[{"name":"wp","href":"https:\/\/api.w.org\/{rel}","templated":true}]}}